{"id":3,"date":"2021-04-29T09:49:38","date_gmt":"2021-04-29T07:49:38","guid":{"rendered":"https:\/\/mytopstar.it\/?page_id=3"},"modified":"2021-05-18T15:10:34","modified_gmt":"2021-05-18T13:10:34","slug":"privacy-policy","status":"publish","type":"page","link":"https:\/\/mytopstar.it\/it\/privacy-policy\/","title":{"rendered":"Privacy policy"},"content":{"rendered":"<p><strong>Decreto legislativo 30 giugno 2003, n. 196 &#8211; Codice in materia di protezione dei dati personali<\/strong><\/p>\n<p><strong>Art. 7. Diritto di accesso ai dati personali ed altri diritti<\/strong><br \/>\n1. L&#8217;interessato ha diritto di ottenere la conferma dell&#8217;esistenza o meno di dati personali che lo riguardano, anche se non ancora registrati, e la loro comunicazione in forma intelligibile.<\/p>\n<p>2. L&#8217;interessato ha diritto di ottenere l&#8217;indicazione:<br \/>\na) dell&#8217;origine dei dati personali;<br \/>\nb) delle finalit\u00e0 e modalit\u00e0 del trattamento;<br \/>\nc) della logica applicata in caso di trattamento effettuato con l&#8217;ausilio di strumenti elettronici;<br \/>\nd) degli estremi identificativi del titolare, dei responsabili e del rappresentante designato ai sensi dell&#8217;articolo 5, comma 2;<br \/>\ne) dei soggetti o delle categorie di soggetti ai quali i dati personali possono essere comunicati o che possono venirne a conoscenza in qualit\u00e0 di rappresentante designato nel territorio dello Stato, di responsabili o incaricati.<\/p>\n<p>3. L&#8217;interessato ha diritto di ottenere:<br \/>\na) l&#8217;aggiornamento, la rettificazione ovvero, quando vi ha interesse, l&#8217;integrazione dei dati;<br \/>\nb) la cancellazione, la trasformazione in forma anonima o il blocco dei dati trattati in violazione di legge, compresi quelli di cui non \u00e8 necessaria la conservazione in relazione agli scopi per i quali i dati sono stati raccolti o successivamente trattati;<br \/>\nc) l&#8217;attestazione che le operazioni di cui alle lettere a) e b) sono state portate a conoscenza, anche per quanto riguarda il loro contenuto, di coloro ai quali i dati sono stati comunicati o diffusi, eccettuato il caso in cui tale adempimento si rivela impossibile o comporta un impiego di mezzi manifestamente sproporzionato rispetto al diritto tutelato.<\/p>\n<p>4. L&#8217;interessato ha diritto di opporsi, in tutto o in parte:<br \/>\na) per motivi legittimi al trattamento dei dati personali che lo riguardano, ancorch\u00e8 pertinenti allo scopo della raccolta;<br \/>\nb) al trattamento di dati personali che lo riguardano a fini di invio di materiale pubblicitario o di vendita diretta o per il compimento di ricerche di mercato o di comunicazione commerciale.<\/p>\n<p><strong>Art. 13. Informativa<\/strong><br \/>\n1. L&#8217;interessato o la persona presso la quale sono raccolti i dati personali sono previamente informati oralmente o per iscritto circa:<br \/>\na) le finalit\u00e0 e le modalit\u00e0 del trattamento cui sono destinati i dati;<br \/>\nb) la natura obbligatoria o facoltativa del conferimento dei dati;<br \/>\nc) le conseguenze di un eventuale rifiuto di rispondere;<br \/>\nd) i soggetti o le categorie di soggetti ai quali i dati personali possono essere comunicati o che possono venirne a conoscenza in qualit\u00e0 di responsabili o incaricati, e l&#8217;ambito di diffusione dei dati medesimi;<br \/>\ne) i diritti di cui all&#8217;articolo 7;<br \/>\nf) gli estremi identificativi del titolare e, se designati, del rappresentante nel territorio dello Stato ai sensi dell&#8217;articolo 5 e del responsabile. Quando il titolare ha designato pi\u00f9 responsabili \u00e8 indicato almeno uno di essi, indicando il sito della rete di comunicazione o le modalit\u00e0 attraverso le quali \u00e8 conoscibile in modo agevole l&#8217;elenco aggiornato dei responsabili. Quando \u00e8 stato designato un responsabile per il riscontro all&#8217;interessato in caso di esercizio dei diritti di cui all&#8217;articolo 7, \u00e8 indicato tale responsabile.<\/p>\n<p>2. L&#8217;informativa di cui al comma 1 contiene anche gli elementi previsti da specifiche disposizioni del presente codice e pu\u00f2 non comprendere gli elementi gi\u00e0 noti alla persona che fornisce i dati o la cui conoscenza pu\u00f2 ostacolare in concreto l&#8217;espletamento, da parte di un soggetto pubblico, di funzioni ispettive o di controllo svolte per finalit\u00e0 di difesa o sicurezza dello Stato oppure di prevenzione, accertamento o repressione di reati.<\/p>\n<p>3. Il Garante pu\u00f2 individuare con proprio provvedimento modalit\u00e0 semplificate per l&#8217;informativa fornita in particolare da servizi telefonici di assistenza e informazione al pubblico.<\/p>\n<p>4. Se i dati personali non sono raccolti presso l&#8217;interessato, l&#8217;informativa di cui al comma 1, comprensiva delle categorie di dati trattati, \u00e8 data al medesimo interessato all&#8217;atto della registrazione dei dati o, quando \u00e8 prevista la loro comunicazione, non oltre la prima comunicazione.<\/p>\n<p>5. La disposizione di cui al comma 4 non si applica quando:<\/p>\n<p>a) i dati sono trattati in base ad un obbligo previsto dalla legge, da un regolamento o dalla normativa comunitaria;<br \/>\nb) i dati sono trattati ai fini dello svolgimento delle investigazioni difensive di cui alla legge 7 dicembre 2000, n. 397, o, comunque, per far valere o difendere un diritto in sede giudiziaria, sempre che i dati siano trattati esclusivamente per tali finalit\u00e0 e per il periodo strettamente necessario al loro perseguimento;<br \/>\nc) l&#8217;informativa all&#8217;interessato comporta un impiego di mezzi che il Garante, prescrivendo eventuali misure appropriate, dichiari manifestamente sproporzionati rispetto al diritto tutelato, ovvero si riveli, a giudizio del Garante, impossibile.<\/p>\n<p><strong>NOTE LEGALI<br \/>\n<\/strong>Grazie per aver visitato il nostro sito web (il &#8220;Sito&#8221;). SI RACCOMANDA DI LEGGERE CON ATTENZIONE LE SEGUENTI CONDIZIONI GENERALI D&#8217;USO PRIMA DI UTILIZZARE IL SITO.<br \/>\nL&#8217;accesso al Sito e qualsiasi uso delle informazioni che esso contiene sono soggetti alle seguenti condizioni generali d&#8217;uso (le &#8220;Condizioni&#8221;). Ove non siate d&#8217;accordo con quanto riportato nelle Condizioni siete pregati di astenervi da qualsiasi ulteriore utilizzo del Sito. Accedendo al Sito manifestate il vostro accordo ad essere legalmente obbligati dalle Condizioni. Topstar si riserva il diritto di modificare a propria discrezione ed in ogni momento le Condizioni. Raccomandiamo pertanto di verificarne il testo vigente, atteso che l&#8217;accesso al Sito comporter\u00e0 in ogni caso l&#8217;accettazione di ogni variazione intervenuta.<\/p>\n<p><strong>ESCLUSIONE DI GARANZIE<\/strong><br \/>\nTopstar offre questo Sito senza alcuna garanzia circa la sua continuit\u00e0 ed i suoi contenuti. In particolare Topstar non rilascia alcuna garanzia, espressa o implicita, circa il Sito ed i suoi contenuti con riferimento alla titolarit\u00e0 delle informazioni ivi contenute, all&#8217;assenza di programmi potenzialmente dannosi (come virus, worms e trojan horses) ed all&#8217;idoneit\u00e0 dei contenuti a finalit\u00e0 specifiche o ad usi commerciali. Topstar non garantisce in alcun modo che le informazioni contenute nel presente Sito siano accurate, complete ed aggiornate, che il Sito sia privo di difetti o che porr\u00e0 rimedio ad eventuali difetti. Accedendo al Sito prendete atto della circostanza che ogni suo utilizzo avviene a Vostro esclusivo rischio e pericolo, in particolare accettate di assumervi il rischio di ogni e qualsivoglia perdita di dati, impossibilit\u00e0 d&#8217;uso e costo di riparazione delle dotazioni informatiche e dei programmi da Voi utilizzati in relazione all&#8217;accesso ed all&#8217;uso del Sito Topstar . Non sar\u00e0 in alcun modo responsabile dei danni diretti, indiretti specifici o generici di qualsivoglia natura (ed a prescindere dalla circostanza che fosse o meno a conoscenza della possibilit\u00e0 che tali danni potessero prodursi) in relazione all&#8217;uso di questo Sito. Ove la possibilit\u00e0 di escludere le garanzie implicite non sia riconosciuta da uno specifico ordinamento giuridico il contenuto delle esclusioni che precedono potrebbe non trovare, in tutto o in parte, applicazione.<\/p>\n<p><strong>LIMITAZIONE DI RESPONSABILITA&#8217; <\/strong><br \/>\nTopstar non sar\u00e0 in alcun modo responsabile, a titolo di responsabilit\u00e0 contrattuale od extracontrattuale, per qualsivoglia danno diretto o indiretto, attuale o potenziale, specifico o generico che dovesse derivare dall&#8217;uso, dal mancato uso e dalla performance di qualsivoglia prodotto, informazione o contenuto presente nel Sito (e ci\u00f2 del tutto a prescindere che Topstar fosse a conoscenza o meno della possibilit\u00e0 del prodursi di tale danno). Poich\u00e9 talune giurisdizioni non consentono l&#8217;esclusione o limitazione di responsabilit\u00e0 per i danni diretti o indiretti alcune delle limitazioni di cui sopra potrebbero non trovare applicazione.<\/p>\n<p><strong>MANLEVA <\/strong><br \/>\nAccedendo al Sito vi impegnate a manlevare, tenere indenne e difendere Topstar , le sue societ\u00e0 controllate e collegate, i suoi dipendenti, amministratori ed azionisti da qualsivoglia pretesa di terzi (ivi incluse le spese legali e giudiziarie ragionevolmente sostenute in relazione ad esse) da qualsivoglia pretesa avanzata da terzi circa il Vostro uso del Sito o in relazione ad esso.<\/p>\n<p><strong>DIRITTO D&#8217;AUTORE, MARCHI E ALTRI DIRITTI DI PROPRIET\u00c0 INTELLETTUALE <\/strong><br \/>\nQuesto Sito nel suo complesso, e tutto il materiale in esso contenuto, \u00e8 protetto dal diritto d&#8217;autore e da altri diritti di propriet\u00e0 intellettuale. Potete pertanto visualizzare, stampare e copiare i contenuti di questo Sito (tra cui, a titolo meramente esemplificativo, testi, immagini, animazioni, video, logo e disegni) unicamente a fini personali di natura non commerciale. Salvo quanto qui disposto non \u00e8 consentito usare, modificare, stampare, mostrare, riprodurre, distribuire o pubblicare le informazioni contenute in questo Sito senza il consenso scritto di Topstar . Questo Sito pu\u00f2 contenere materiale protetto da diritti di propriet\u00e0 intellettuale di terzi. In tali casi gli utilizzi consentiti dovranno essere verificati con i titolari o licenziatari dei relativi diritti quali di volta in volta individuati nel Sito.<\/p>\n<p><strong>CONTRIBUTI <\/strong><br \/>\nTutti i contributi o materiali trasmessi a Topstar per il tramite del Sito, ivi incluse le domande, commenti, suggerimenti et similia relativi al contenuto del Sito (collettivamente, i &#8220;Contributi&#8221;) saranno considerati non di natura confidenziale. In particolare Topstar non sar\u00e0 in alcun modo obbligata in relazione a tali Contributi e potr\u00e0 liberamente copiare, utilizzare, usare, rivelare a terzi, mostrare, modificare, creare opere di natura derivativa e pubblicare i Contributi senza alcuna limitazione o corrispettivo. In aggiunta a quanto precede Topstar si riserva il diritto di utilizzare, senza riconoscere alcun corrispettivo idee, concetti, know-how o tecniche contenute nei Contributi a qualsiasi fine, ivi incluse, a titolo esemplificativo, la produzione e commercializzazione di servizi che incorporino tali Contributi.<\/p>\n<p><strong>LINKS E INFORMAZIONI DA FONTI TERZE <\/strong><br \/>\nQuesto Sito pu\u00f2 contenere rinvii ad altri siti web (&#8220;Links&#8221;). Topstar declina ogni responsabilit\u00e0 in ordine ai contenuti ed ai materiali accessibili presso tal siti o comunque ottenibili per loro tramite. Tutti i link ad altri siti, cos\u00ec come ogni altro riferimento ad informazioni provenienti da fonti terze, non potranno essere in alcun modo ritenuti come un avallo espresso od implicito da parte di Topstar . Domande e commenti inerenti i siti richiamati dai links dovranno essere rivolti unicamente agli amministratori dei siti medesimi. Questo Sito pu\u00f2 contenere, inoltre, informazioni provenienti da fonti terze, di volta in volta debitamente indicate, alle quali dovrete fare esclusivo riferimento per ogni questione inerente la loro accuratezza, veridicit\u00e0 e completezza.<\/p>\n<p><strong>SERVIZI <\/strong><\/p>\n<p>Le informazioni che Topstar pubblica sul World Wide Web potrebbero contenere riferimenti a iniziative e servizi di Topstar o delle sue controllate che potrebbero non essere disponibili o annunciati nel Vostro Paese. Si prega pertanto di consultare di volta in volta i rappresentanti locali di Topstar circa i programmi e servizi disponibili nel Vostro Paese.<\/p>\n<p><strong>ESCLUSIONE DI RESPONSABILITA&#8217; <\/strong><br \/>\nIl materiale contenuto in questo sito pu\u00f2 contenere informazioni non accurate ed errori tipografici. Topstar declina ogni responsabilit\u00e0 in ordine a perdite o danni cagionati o connessi all&#8217;affidamento fatto dagli utenti del Sito sulle informazioni in esso contenute. Resta pertanto a cura e carico dell&#8217;utente la valutazione indipendente dell&#8217;accuratezza delle informazioni pubblicate su questo Sito. Topstar si riserva il diritto di modificare in qualsiasi momento il Sito ed i suoi contenuti senza obbligo di comunicazione preventiva o successiva.<\/p>\n<p><strong>ACCESSI ED USO NON AUTORIZZATI DEL SITO <\/strong><br \/>\nGli utenti del Sito sono autorizzati a consultare unicamente i documenti indicati nei men\u00f9 del medesimo. E&#8217; proibito ogni tentativo non autorizzato di superare o aggirare le protezioni del Sito, di utilizzare i sistemi che fanno funzionare o sono connessi al Sito per usi diversi a quelli cui sono destinati e di ostacolarne la fruizione da parte degli utenti autorizzati, nonch\u00e9 di accedere, ottenere, distruggere, alterare, danneggiare informazioni ivi contenute ovvero di interferire con tali sistemi. Ogni azione di tal fatta sar\u00e0 portata senza indugio all&#8217;attenzione delle competenti autorit\u00e0 e perseguita in tutte le competenti sedi civili e penali ai sensi delle vigenti leggi e convenzioni internazionali.<\/p>\n","protected":false},"excerpt":{"rendered":"<p>Decreto legislativo 30 giugno 2003, n. 196 &#8211; Codice in materia di protezione dei dati personali Art. 7&#8230;.<\/p>\n","protected":false},"author":1,"featured_media":0,"parent":0,"menu_order":0,"comment_status":"closed","ping_status":"open","template":"","meta":{"_acf_changed":false,"footnotes":""},"class_list":["post-3","page","type-page","status-publish","hentry"],"acf":[],"aioseo_notices":[],"_links":{"self":[{"href":"https:\/\/mytopstar.it\/it\/wp-json\/wp\/v2\/pages\/3","targetHints":{"allow":["GET"]}}],"collection":[{"href":"https:\/\/mytopstar.it\/it\/wp-json\/wp\/v2\/pages"}],"about":[{"href":"https:\/\/mytopstar.it\/it\/wp-json\/wp\/v2\/types\/page"}],"author":[{"embeddable":true,"href":"https:\/\/mytopstar.it\/it\/wp-json\/wp\/v2\/users\/1"}],"replies":[{"embeddable":true,"href":"https:\/\/mytopstar.it\/it\/wp-json\/wp\/v2\/comments?post=3"}],"version-history":[{"count":3,"href":"https:\/\/mytopstar.it\/it\/wp-json\/wp\/v2\/pages\/3\/revisions"}],"predecessor-version":[{"id":1523,"href":"https:\/\/mytopstar.it\/it\/wp-json\/wp\/v2\/pages\/3\/revisions\/1523"}],"wp:attachment":[{"href":"https:\/\/mytopstar.it\/it\/wp-json\/wp\/v2\/media?parent=3"}],"curies":[{"name":"wp","href":"https:\/\/api.w.org\/{rel}","templated":true}]}}