{"id":28,"date":"2021-04-29T12:04:15","date_gmt":"2021-04-29T10:04:15","guid":{"rendered":"https:\/\/mytopstar.it\/?page_id=28"},"modified":"2025-11-26T08:48:33","modified_gmt":"2025-11-26T07:48:33","slug":"certificati","status":"publish","type":"page","link":"https:\/\/mytopstar.it\/it\/certificati\/","title":{"rendered":"Certificati"},"content":{"rendered":"<p>Come si evince anche dalla Certificazione ISO 9001 ottenuta fin dal 1997 a validazione del proprio sistema di gestione della qualit\u00e0, Topstar pone la massima attenzione alla qualit\u00e0 dei servizi offerti ai propri clienti e alle esigenze di tutte le parti interessate. Topstar \u00e8 sempre orientata al reale miglioramento e all\u2019ottimizzazione dei processi aziendali, fornendo un modello accurato, razionale e armonioso, sinonimo di affidabilit\u00e0 e capacit\u00e0 di risposta alle sfide dettate dal mercato. L\u2019azienda si \u00e8 inoltre concretamente impegnata ad utilizzare materie prime legnose che non provengano da fonti illegali e a promuovere a tutti i livelli comportamenti sicuri con particolare attenzione alla riduzione dell\u2019impatto ambientale. Nel 2012 Topstar ha ottenuto la certificazione della Catena di Custodia, secondo gli standard PEFC (Codice licenza PEFC \/18-31-470) e FSC\u00ae (Codice di Licenza FSC-C113903). La certificazione FSC\u00ae COC \u00e8 un sistema che permette di tracciare il materiale (sia esso proveniente direttamente dalla foresta o riciclato) dalla fonte al prodotto finito, garantendo cos\u00ec che il prodotto sia a tutti gli effetti ottenuto da una foresta certificata o da un sistema di riciclo controllato. Prodotti certificati FSC\u00ae disponibili su richiesta. La certificazione PEFC COC, valida sia per il legno sia per materie prime non legnose, garantisce la provenienza dei prodotti venduti da foreste gestite in modo sostenibile, sia per quanto riguarda il materiale proveniente direttamente da esse, sia per quello riciclato.<\/p>\n","protected":false},"excerpt":{"rendered":"<p>Come si evince anche dalla Certificazione ISO 9001 ottenuta fin dal 1997 a validazione del proprio sistema di&#8230;<\/p>\n","protected":false},"author":1,"featured_media":100,"parent":0,"menu_order":0,"comment_status":"closed","ping_status":"closed","template":"page-certificati.php","meta":{"_acf_changed":false,"footnotes":""},"class_list":["post-28","page","type-page","status-publish","has-post-thumbnail","hentry"],"acf":[],"aioseo_notices":[],"_links":{"self":[{"href":"https:\/\/mytopstar.it\/it\/wp-json\/wp\/v2\/pages\/28","targetHints":{"allow":["GET"]}}],"collection":[{"href":"https:\/\/mytopstar.it\/it\/wp-json\/wp\/v2\/pages"}],"about":[{"href":"https:\/\/mytopstar.it\/it\/wp-json\/wp\/v2\/types\/page"}],"author":[{"embeddable":true,"href":"https:\/\/mytopstar.it\/it\/wp-json\/wp\/v2\/users\/1"}],"replies":[{"embeddable":true,"href":"https:\/\/mytopstar.it\/it\/wp-json\/wp\/v2\/comments?post=28"}],"version-history":[{"count":19,"href":"https:\/\/mytopstar.it\/it\/wp-json\/wp\/v2\/pages\/28\/revisions"}],"predecessor-version":[{"id":4597,"href":"https:\/\/mytopstar.it\/it\/wp-json\/wp\/v2\/pages\/28\/revisions\/4597"}],"wp:featuredmedia":[{"embeddable":true,"href":"https:\/\/mytopstar.it\/it\/wp-json\/wp\/v2\/media\/100"}],"wp:attachment":[{"href":"https:\/\/mytopstar.it\/it\/wp-json\/wp\/v2\/media?parent=28"}],"curies":[{"name":"wp","href":"https:\/\/api.w.org\/{rel}","templated":true}]}}