{"id":2199,"date":"2023-01-26T15:45:57","date_gmt":"2023-01-26T14:45:57","guid":{"rendered":"https:\/\/mytopstar.it\/?page_id=2199"},"modified":"2026-04-22T11:00:22","modified_gmt":"2026-04-22T09:00:22","slug":"france","status":"publish","type":"page","link":"https:\/\/mytopstar.it\/fr\/trouver-un-representant\/france\/","title":{"rendered":"France"},"content":{"rendered":"<p>Cliquez sur la zone d\u2019int\u00e9r\u00eat pour afficher le t\u00e9l\u00e9phone et l\u2019adresse \u00e9lectronique du repr\u00e9sentant.<br \/>\n<strong>Responsable des ventes:<\/strong> Julien Ruggiero +39 335 592 3603 <a href=\"mailto:j.ruggiero@topstarpostforming.com\">j.ruggiero@topstarpostforming.com<\/a><\/p>\n","protected":false},"excerpt":{"rendered":"<p>Cliquez sur la zone d\u2019int\u00e9r\u00eat pour afficher le t\u00e9l\u00e9phone et l\u2019adresse \u00e9lectronique du repr\u00e9sentant. Responsable des ventes: Julien&#8230;<\/p>\n","protected":false},"author":1,"featured_media":0,"parent":1315,"menu_order":0,"comment_status":"closed","ping_status":"closed","template":"page-mappa-francia-nuova.php","meta":{"_acf_changed":false,"footnotes":""},"class_list":["post-2199","page","type-page","status-publish","hentry"],"acf":[],"aioseo_notices":[],"_links":{"self":[{"href":"https:\/\/mytopstar.it\/fr\/wp-json\/wp\/v2\/pages\/2199","targetHints":{"allow":["GET"]}}],"collection":[{"href":"https:\/\/mytopstar.it\/fr\/wp-json\/wp\/v2\/pages"}],"about":[{"href":"https:\/\/mytopstar.it\/fr\/wp-json\/wp\/v2\/types\/page"}],"author":[{"embeddable":true,"href":"https:\/\/mytopstar.it\/fr\/wp-json\/wp\/v2\/users\/1"}],"replies":[{"embeddable":true,"href":"https:\/\/mytopstar.it\/fr\/wp-json\/wp\/v2\/comments?post=2199"}],"version-history":[{"count":15,"href":"https:\/\/mytopstar.it\/fr\/wp-json\/wp\/v2\/pages\/2199\/revisions"}],"predecessor-version":[{"id":4652,"href":"https:\/\/mytopstar.it\/fr\/wp-json\/wp\/v2\/pages\/2199\/revisions\/4652"}],"up":[{"embeddable":true,"href":"https:\/\/mytopstar.it\/fr\/wp-json\/wp\/v2\/pages\/1315"}],"wp:attachment":[{"href":"https:\/\/mytopstar.it\/fr\/wp-json\/wp\/v2\/media?parent=2199"}],"curies":[{"name":"wp","href":"https:\/\/api.w.org\/{rel}","templated":true}]}}