{"id":1727,"date":"2021-06-16T14:42:00","date_gmt":"2021-06-16T12:42:00","guid":{"rendered":"https:\/\/mytopstar.it\/trouver-un-representant\/portogallo\/"},"modified":"2021-09-06T10:17:39","modified_gmt":"2021-09-06T08:17:39","slug":"le-portugal","status":"publish","type":"page","link":"https:\/\/mytopstar.it\/fr\/trouver-un-representant\/le-portugal\/","title":{"rendered":"le Portugal"},"content":{"rendered":"<p>Cliquez sur la zone d\u2019int\u00e9r\u00eat pour afficher le t\u00e9l\u00e9phone et l\u2019adresse \u00e9lectronique du repr\u00e9sentant.<\/p>\n","protected":false},"excerpt":{"rendered":"<p>Cliquez sur la zone d\u2019int\u00e9r\u00eat pour afficher le t\u00e9l\u00e9phone et l\u2019adresse \u00e9lectronique du repr\u00e9sentant.<\/p>\n","protected":false},"author":1,"featured_media":0,"parent":1315,"menu_order":0,"comment_status":"closed","ping_status":"closed","template":"page-mappa-portogallo.php","meta":{"_acf_changed":false,"footnotes":""},"class_list":["post-1727","page","type-page","status-publish","hentry"],"acf":[],"aioseo_notices":[],"_links":{"self":[{"href":"https:\/\/mytopstar.it\/fr\/wp-json\/wp\/v2\/pages\/1727","targetHints":{"allow":["GET"]}}],"collection":[{"href":"https:\/\/mytopstar.it\/fr\/wp-json\/wp\/v2\/pages"}],"about":[{"href":"https:\/\/mytopstar.it\/fr\/wp-json\/wp\/v2\/types\/page"}],"author":[{"embeddable":true,"href":"https:\/\/mytopstar.it\/fr\/wp-json\/wp\/v2\/users\/1"}],"replies":[{"embeddable":true,"href":"https:\/\/mytopstar.it\/fr\/wp-json\/wp\/v2\/comments?post=1727"}],"version-history":[{"count":3,"href":"https:\/\/mytopstar.it\/fr\/wp-json\/wp\/v2\/pages\/1727\/revisions"}],"predecessor-version":[{"id":1922,"href":"https:\/\/mytopstar.it\/fr\/wp-json\/wp\/v2\/pages\/1727\/revisions\/1922"}],"up":[{"embeddable":true,"href":"https:\/\/mytopstar.it\/fr\/wp-json\/wp\/v2\/pages\/1315"}],"wp:attachment":[{"href":"https:\/\/mytopstar.it\/fr\/wp-json\/wp\/v2\/media?parent=1727"}],"curies":[{"name":"wp","href":"https:\/\/api.w.org\/{rel}","templated":true}]}}