{"id":1721,"date":"2021-06-16T14:41:44","date_gmt":"2021-06-16T12:41:44","guid":{"rendered":"https:\/\/mytopstar.it\/trouver-un-representant\/spagna\/"},"modified":"2026-03-09T12:14:00","modified_gmt":"2026-03-09T11:14:00","slug":"espagne","status":"publish","type":"page","link":"https:\/\/mytopstar.it\/fr\/trouver-un-representant\/espagne\/","title":{"rendered":"Espagne"},"content":{"rendered":"<p>Cliquez sur la zone d\u2019int\u00e9r\u00eat pour afficher le t\u00e9l\u00e9phone et l\u2019adresse \u00e9lectronique du repr\u00e9sentant.<br \/>\n<strong>Coordinateur de la P\u00e9ninsule Ib\u00e9rique:<\/strong> Jos\u00e9 Manuel Parra +34 673 128 541 <a href=\"mailto:parra1441@gmail.com\">parra1441@gmail.com<\/a><\/p>\n","protected":false},"excerpt":{"rendered":"<p>Cliquez sur la zone d\u2019int\u00e9r\u00eat pour afficher le t\u00e9l\u00e9phone et l\u2019adresse \u00e9lectronique du repr\u00e9sentant. Coordinateur de la P\u00e9ninsule&#8230;<\/p>\n","protected":false},"author":1,"featured_media":0,"parent":1315,"menu_order":0,"comment_status":"closed","ping_status":"closed","template":"page-mappa-spagna.php","meta":{"_acf_changed":false,"footnotes":""},"class_list":["post-1721","page","type-page","status-publish","hentry"],"acf":[],"aioseo_notices":[],"_links":{"self":[{"href":"https:\/\/mytopstar.it\/fr\/wp-json\/wp\/v2\/pages\/1721","targetHints":{"allow":["GET"]}}],"collection":[{"href":"https:\/\/mytopstar.it\/fr\/wp-json\/wp\/v2\/pages"}],"about":[{"href":"https:\/\/mytopstar.it\/fr\/wp-json\/wp\/v2\/types\/page"}],"author":[{"embeddable":true,"href":"https:\/\/mytopstar.it\/fr\/wp-json\/wp\/v2\/users\/1"}],"replies":[{"embeddable":true,"href":"https:\/\/mytopstar.it\/fr\/wp-json\/wp\/v2\/comments?post=1721"}],"version-history":[{"count":37,"href":"https:\/\/mytopstar.it\/fr\/wp-json\/wp\/v2\/pages\/1721\/revisions"}],"predecessor-version":[{"id":4617,"href":"https:\/\/mytopstar.it\/fr\/wp-json\/wp\/v2\/pages\/1721\/revisions\/4617"}],"up":[{"embeddable":true,"href":"https:\/\/mytopstar.it\/fr\/wp-json\/wp\/v2\/pages\/1315"}],"wp:attachment":[{"href":"https:\/\/mytopstar.it\/fr\/wp-json\/wp\/v2\/media?parent=1721"}],"curies":[{"name":"wp","href":"https:\/\/api.w.org\/{rel}","templated":true}]}}