{"id":1602,"date":"2021-05-19T15:06:33","date_gmt":"2021-05-19T13:06:33","guid":{"rendered":"https:\/\/mytopstar.it\/cookie-policy\/"},"modified":"2021-06-21T14:12:12","modified_gmt":"2021-06-21T12:12:12","slug":"cookie-policy","status":"publish","type":"page","link":"https:\/\/mytopstar.it\/fr\/cookie-policy\/","title":{"rendered":"Cookie policy"},"content":{"rendered":"<div class=\"hlined cf\">\n<p><strong>Qu\u2019est-ce qu\u2019un cookie et \u00e0 quoi sert-il ?<\/strong><br \/>\nUn cookie est une petite cha\u00eene de texte qu\u2019un site envoie \u00e0 votre navigateur et enregistre sur votre ordinateur lorsque vous visitez des sites web. Les cookies sont utilis\u00e9s pour faire fonctionner les sites web plus efficacement, pour am\u00e9liorer leurs performances, mais aussi pour fournir des informations aux propri\u00e9taires du site.<\/p>\n<p><strong>Quel type de cookies ce site utilise-t-il et \u00e0 quelles fins ?<\/strong><br \/>\nNotre site utilise diff\u00e9rents types de cookies, chacun ayant une fonction sp\u00e9cifique, comme indiqu\u00e9 dans le tableau ci-dessous :<\/p>\n<p>&nbsp;<\/p>\n<table border=\"0\" cellspacing=\"0\" cellpadding=\"0\">\n<tbody>\n<tr>\n<td><strong>TYPES DE COOKIES<\/strong><\/td>\n<td><strong>FONCTION<\/strong><\/td>\n<\/tr>\n<tr>\n<td>Cookies de navigation<\/td>\n<td>Ces cookies permettent au site de fonctionner correctement et sont utilis\u00e9s pour recueillir des informations sur la fa\u00e7on dont les visiteurs utilisent le site. Ces informations sont utilis\u00e9es pour compiler des rapports et nous aider \u00e0 am\u00e9liorer le site. Les cookies collectent des informations de mani\u00e8re anonyme, y compris le nombre de visiteurs du site, leur provenance et les pages qu&rsquo;ils ont visit\u00e9es.<\/td>\n<\/tr>\n<tr>\n<td>Cookies analytiques<\/td>\n<td>Ces cookies sont utilis\u00e9s, par exemple, par Google Analytics pour faire des analyses statistiques sur la fa\u00e7on dont les utilisateurs naviguent sur le site via des ordinateurs ou des applications mobiles, le nombre de pages visit\u00e9es ou le nombre de clics effectu\u00e9s sur une page lors de la navigation sur un site.<br \/>\n<a title=\"External link\" href=\"https:\/\/support.google.com\/analytics\/answer\/6004245\" target=\"_blank\" rel=\"noopener\">Cliquez ici pour un aper\u00e7u de la politique de confidentialit\u00e9 de Google<\/a><\/td>\n<\/tr>\n<tr>\n<td>Cookies tiers<\/td>\n<td>Ces cookies sont utilis\u00e9s par des soci\u00e9t\u00e9s tierces. L\u2019utilisation de ces cookies n\u2019implique normalement pas le traitement de donn\u00e9es \u00e0 caract\u00e8re personnel. Les cookies tiers proviennent d&rsquo;annonces d&rsquo;autres sites, telles que des publicit\u00e9s, sur le site web consult\u00e9. Ils peuvent \u00eatre utilis\u00e9s pour monitorer l&rsquo;utilisation du site web \u00e0 des fins de marketing.<\/td>\n<\/tr>\n<\/tbody>\n<\/table>\n<p><strong>Comment d\u00e9sactiver les cookies ?<\/strong><br \/>\nLa plupart des navigateurs (Internet Explorer, Firefox, etc.) sont configur\u00e9s pour accepter les cookies. Toutefois, la plupart des navigateurs vous permettent de contr\u00f4ler et m\u00eame de d\u00e9sactiver les cookies par le biais des param\u00e8tres de votre navigateur. Nous vous rappelons toutefois que la d\u00e9sactivation des cookies de navigation ou fonctionnels peut entra\u00eener un dysfonctionnement du site et\/ou limiter le service offert.<\/p>\n<p>Pour modifier les param\u00e8tres, suivez la proc\u00e9dure indiqu\u00e9e par les diff\u00e9rents navigateurs que vous trouverez sous \u00ab Options \u00bb ou \u00ab Pr\u00e9f\u00e9rences \u00bb.<br \/>\nPour en savoir plus sur les cookies, r\u00e9f\u00e9rez-vous \u00e0 la <a href=\"http:\/\/www.garanteprivacy.it\/web\/guest\/home\/docweb\/-\/docweb-display\/docweb\/3167231\" target=\"_blank\" rel=\"noopener\">r\u00e9glementation<\/a>.<\/p>\n<\/div>\n","protected":false},"excerpt":{"rendered":"<p>Qu\u2019est-ce qu\u2019un cookie et \u00e0 quoi sert-il ? Un cookie est une petite cha\u00eene de texte qu\u2019un site&#8230;<\/p>\n","protected":false},"author":1,"featured_media":0,"parent":0,"menu_order":0,"comment_status":"closed","ping_status":"closed","template":"","meta":{"_acf_changed":false,"footnotes":""},"class_list":["post-1602","page","type-page","status-publish","hentry"],"acf":[],"aioseo_notices":[],"_links":{"self":[{"href":"https:\/\/mytopstar.it\/fr\/wp-json\/wp\/v2\/pages\/1602","targetHints":{"allow":["GET"]}}],"collection":[{"href":"https:\/\/mytopstar.it\/fr\/wp-json\/wp\/v2\/pages"}],"about":[{"href":"https:\/\/mytopstar.it\/fr\/wp-json\/wp\/v2\/types\/page"}],"author":[{"embeddable":true,"href":"https:\/\/mytopstar.it\/fr\/wp-json\/wp\/v2\/users\/1"}],"replies":[{"embeddable":true,"href":"https:\/\/mytopstar.it\/fr\/wp-json\/wp\/v2\/comments?post=1602"}],"version-history":[{"count":1,"href":"https:\/\/mytopstar.it\/fr\/wp-json\/wp\/v2\/pages\/1602\/revisions"}],"predecessor-version":[{"id":1830,"href":"https:\/\/mytopstar.it\/fr\/wp-json\/wp\/v2\/pages\/1602\/revisions\/1830"}],"wp:attachment":[{"href":"https:\/\/mytopstar.it\/fr\/wp-json\/wp\/v2\/media?parent=1602"}],"curies":[{"name":"wp","href":"https:\/\/api.w.org\/{rel}","templated":true}]}}