{"id":1321,"date":"2021-04-29T09:49:38","date_gmt":"2021-04-29T07:49:38","guid":{"rendered":"https:\/\/mytopstar.it\/privacy-policy\/"},"modified":"2021-05-18T15:11:25","modified_gmt":"2021-05-18T13:11:25","slug":"privacy-policy","status":"publish","type":"page","link":"https:\/\/mytopstar.it\/fr\/privacy-policy\/","title":{"rendered":"Privacy policy"},"content":{"rendered":"<p><strong>D\u00e9cret l\u00e9gislatif 30 juin 2003, n. 196 &#8211; Code en mati\u00e8re de protection des donn\u00e9es personnelles <\/strong><\/p>\n<p><strong>Art. 7. Droit d\u2019acc\u00e8s aux donn\u00e9es personnelles et autres droits<\/strong><br \/>\n1. L&rsquo;int\u00e9ress\u00e9 a le droit d\u2019obtenir la confirmation de l\u2019existence ou non de donn\u00e9es personnelles le concernant, m\u00eame si elles n\u2019ont pas encore \u00e9t\u00e9 enregistr\u00e9es, ainsi que la communication de ces donn\u00e9es sous une forme intelligible.<\/p>\n<p>2. L\u2019int\u00e9ress\u00e9 a le droit de conna\u00eetre:<br \/>\na) l&rsquo;origine des donn\u00e9es personnelles;<br \/>\nb) les finalit\u00e9s et les modalit\u00e9s du traitement;<br \/>\nc) la logique appliqu\u00e9e au cas o\u00f9 le traitement des donn\u00e9es serait effectu\u00e9 \u00e0 l\u2019aide d\u2019instruments \u00e9lectroniques;<br \/>\nd) les g\u00e9n\u00e9ralit\u00e9s concernant le titulaire, les responsables et le repr\u00e9sentant d\u00e9sign\u00e9 tel que pr\u00e9vu par l\u2019article 5, alin\u00e9a 2;<br \/>\ne) les sujets ou les cat\u00e9gories de sujets auxquels les donn\u00e9es personnelles peuvent \u00eatre communiqu\u00e9es ou qui peuvent en avoir connaissance en qualit\u00e9 de repr\u00e9sentant d\u00e9sign\u00e9 sur le territoire de l\u2019Etat, de responsable ou de pr\u00e9pos\u00e9.<\/p>\n<p>3. L&rsquo;int\u00e9ress\u00e9 a le droit d\u2019obtenir:<br \/>\na) la mise \u00e0 jour, la rectification ou, quand cela est dans son int\u00e9r\u00eat, l&rsquo;ajout des donn\u00e9es;<br \/>\nb) l\u2019effacement, la transformation sous forme anonyme ou le blocage des donn\u00e9es trait\u00e9es en violation des dispositions l\u00e9gales, y compris celles dont la conservation n\u2019est pas n\u00e9cessaire aux finalit\u00e9s pour lesquelles elles ont \u00e9t\u00e9 collect\u00e9es ou successivement trait\u00e9es;<br \/>\nc) l&rsquo;attestation que les op\u00e9rations \u00e9nonc\u00e9es aux lettres a) e b) ont \u00e9t\u00e9 port\u00e9es \u00e0 la connaissance, notamment en ce qui concerne leur contenu, de ceux \u00e0 qui ces donn\u00e9es ont \u00e9t\u00e9 communiqu\u00e9es ou diffus\u00e9es, sauf dans le cas o\u00f9 cette formalit\u00e9 s\u2019av\u00e9rerait impossible ou comporterait un d\u00e9ploiement de moyens manifestement disproportionn\u00e9 par rapport au droit d\u00e9fendu.<\/p>\n<p>4. L&rsquo;int\u00e9ress\u00e9 a le droit de s\u2019opposer, totalement ou en partie:<br \/>\na) pour des motifs l\u00e9gitimes, au traitement des donn\u00e9es personnelles qui le concernent, m\u00eame si pertinentes aux finalit\u00e9s de la collecte.;<br \/>\nb) au traitement des donn\u00e9es personnelles qui le concernent, aux fins d\u2019envoi de mat\u00e9riel publicitaire ou de vente directe ou pour l\u2019ex\u00e9cution d\u2019enqu\u00eates de march\u00e9 ou \u00e0 des fins de communication commerciale.<\/p>\n<p><strong>Art. 13. Note informative<\/strong><br \/>\n1. L&rsquo;int\u00e9ress\u00e9 ou la personne aupr\u00e8s de laquelle sont collect\u00e9es les donn\u00e9es personnelles sont pr\u00e9alablement inform\u00e9s, soit verbalement soit par \u00e9crit:<br \/>\na) des finalit\u00e9s et des modalit\u00e9s de traitement auxquelles les donn\u00e9es sont destin\u00e9es;<br \/>\nb) de la nature obligatoire ou facultative de la communication des donn\u00e9es;<br \/>\nc) des cons\u00e9quences d\u2019un \u00e9ventuel refus de r\u00e9pondre;<br \/>\nd) des sujets ou des cat\u00e9gories de sujets auxquels les donn\u00e9es personnelles peuvent \u00eatre communiqu\u00e9es ou qui peuvent en avoir connaissance en qualit\u00e9 de responsable ou de pr\u00e9pos\u00e9, et le domaine de diffusion de ces donn\u00e9es;<br \/>\ne) des droits pr\u00e9vus par l\u2019article 7;<br \/>\nf) des g\u00e9n\u00e9ralit\u00e9s du titulaire et, dans le cas \u00e9ch\u00e9ant, du repr\u00e9sentant d\u00e9sign\u00e9 sur le territoire de l\u2019Etat aux termes de l\u2019article 5 et du responsable. Lorsque le titulaire d\u00e9signe plusieurs responsables, l\u2019un d\u2019entre eux au moins est indiqu\u00e9, en pr\u00e9cisant le site du r\u00e9seau de communication ou les modalit\u00e9s \u00e0 travers lesquelles on peut facilement conna\u00eetre la liste actualis\u00e9e des responsables. Lorsqu&rsquo;un responsable est d\u00e9sign\u00e9 pour fournir des r\u00e9ponses \u00e0 l&rsquo;int\u00e9ress\u00e9 souhaitant exercer ses droits dont \u00e0 l&rsquo;article 7, ledit responsable est indiqu\u00e9.<\/p>\n<p>2. La note informative, comme pr\u00e9vu par l\u2019alin\u00e9a 1, contient aussi les \u00e9l\u00e9ments pr\u00e9vus par des dispositions sp\u00e9cifiques du pr\u00e9sent code et peut \u00e9ventuellement ne pas inclure les \u00e9l\u00e9ments d\u00e9j\u00e0 connu par la personne qui fournit les donn\u00e9es ou dont la connaissance pourrait concr\u00e8tement entraver la mise en \u0153uvre d&rsquo;inspections ou de contr\u00f4les, men\u00e9s par un intervenant public au titre de la d\u00e9fense ou de la s\u00e9curit\u00e9 de l&rsquo;\u00c9tat, ou encore au titre de la pr\u00e9vention, d&rsquo;op\u00e9rations de v\u00e9rification ou de r\u00e9pression des d\u00e9lits.<\/p>\n<p>3. Le Garant peut prendre des mesures pour identifier des modalit\u00e9s simplifi\u00e9es relatives aux informations \u00e0 fournir, en particulier dans le cadre de services d&rsquo;assistance t\u00e9l\u00e9phonique ou d&rsquo;information au public.<\/p>\n<p>4. Si les donn\u00e9es personnelles ne sont pas collect\u00e9es aupr\u00e8s de l\u2019int\u00e9ress\u00e9, la note informative, comme pr\u00e9vu par l\u2019alin\u00e9a 1, qui comprend les cat\u00e9gories de donn\u00e9es trait\u00e9es, est transmise \u00e0 l\u2019int\u00e9ress\u00e9 lui-m\u00eame lors de l\u2019enregistrement des donn\u00e9es ou, lorsque leur communication est pr\u00e9vue, non au-del\u00e0 de la premi\u00e8re communication.<\/p>\n<p>5. La disposition tel que pr\u00e9vu par l\u2019alin\u00e9a 4 n\u2019est pas appliqu\u00e9e quand:<\/p>\n<p>a) les donn\u00e9es sont trait\u00e9es selon une obligation pr\u00e9vue par la loi, par un r\u00e8glement ou par les normes communautaires;<br \/>\nb) les donn\u00e9es sont trait\u00e9es dans un but de d\u00e9roulement des enqu\u00eates d\u00e9fensives selon la loi du 7 d\u00e9cembre 2000, n. 397, ou, de toute mani\u00e8re, pour faire valoir ou d\u00e9fendre un droit en mati\u00e8re judiciaire, ceci si les donn\u00e9es sont trait\u00e9es exclusivement dans ces buts et pour la p\u00e9riode strictement n\u00e9cessaire \u00e0 leur poursuite;<br \/>\nc) la note informative \u00e0 l\u2019int\u00e9ress\u00e9 comporte l\u2019emploi de moyens que le Garant, en prescrivant d\u2019\u00e9ventuelles mesures appropri\u00e9es, d\u00e9clare manifestement excessifs par rapport au droit d\u00e9fendu, ou bien s\u2019il se r\u00e9v\u00e8le, selon le Garant, impossible.<\/p>\n<p><strong>NOTES LEGALES<br \/>\n<\/strong>Merci d\u2019avoir visit\u00e9 notre site web (le \u00ab\u00a0Site\u00a0\u00bb). NOUS VOUS PRIONS DE LIRE AVEC ATTENTION LES CONDITIONS GENERALES D\u2019UTILISATION SUIVANTES AVANT D\u2019UTILISER LE SITE.<br \/>\nL&rsquo;acc\u00e8s au Site et toute utilisation des informations qu\u2019il contient sont sujets aux conditions g\u00e9n\u00e9rales d\u2019utilisation suivantes (les \u00ab\u00a0Conditions\u00a0\u00bb). Si ces conditions d\u2019utilisation ne vous sont pas acceptables, veuillez alors ne pas utiliser ce Site. En acc\u00e9dant au Site, vous donnez votre accord pour \u00eatre l\u00e9galement li\u00e9 \u00e0 ces Conditions. Topstar se r\u00e9serve le droit de modifier les Conditions selon sa propre discr\u00e9tion et \u00e0 tout moment. Nous vous prions donc d\u2019en v\u00e9rifier le texte en vigueur, en reconnaissant que l\u2019acc\u00e8s au Site sera consid\u00e9r\u00e9 comme l\u2019acceptation de toute variation apport\u00e9e.<\/p>\n<p><strong>EXCLUSION DE GARANTIE <\/strong><br \/>\nTopstar offre ce Site sans aucune garantie en ce qui concerne sa continuit\u00e9 et son contenu. En particulier, Topstar ne rel\u00e2che aucune garantie, explicite ou implicite quant au Site et son contenu avec r\u00e9f\u00e9rence \u00e0 la titularit\u00e9 des informations qui y sont contenues, l\u2019absence de programmes potentiellement nuisibles (comme virus, worms et trojan horses) et l\u2019aptitude du contenu \u00e0 finalit\u00e9 sp\u00e9cifique ou \u00e0 usage commercial. Topstar ne garantit dans aucun cas que les informations contenues dans le pr\u00e9sent Site soient exactes, compl\u00e8tes et mises \u00e0 jour, que le Site soit priv\u00e9 de d\u00e9fauts ou qu\u2019il r\u00e9soudra d\u2019\u00e9ventuels d\u00e9fauts. En acc\u00e9dant au Site, vous prenez acte de la circonstance que chaque utilisation est \u00e0 vos risques et p\u00e9rils, en particulier, vous acceptez de vous assumer le risque de toute perte de donn\u00e9es, de l\u2019impossibilit\u00e9 d\u2019utilisation et du co\u00fbt de r\u00e9paration de l\u2019\u00e9quipement informatique et des programmes que vous utilisez, relativement \u00e0 l\u2019acc\u00e8s et \u00e0 l\u2019utilisation du Site Topstar. Il ne sera en aucun cas responsable des dommages directs, indirects, sp\u00e9cifiques ou g\u00e9n\u00e9riques de toute nature (abstraction faite de la circonstance qu\u2019il soit ou non au courant de la possibilit\u00e9 que de tels dommages pouvaient se produire) relatifs \u00e0 l\u2019utilisation de ce Site. Si la possibilit\u00e9 d\u2019exclure les garanties implicites n\u2019est pas reconnue par un syst\u00e8me juridique sp\u00e9cifique, le contenu des exclusions qui pr\u00e9c\u00e8dent pourraient ne pas s\u2019appliquer, en tout ou partie.<\/p>\n<p><strong>LIMITATION DE RESPONSABILITE <\/strong><br \/>\nTopstar ne sera en aucun cas responsable, \u00e0 titre de responsabilit\u00e9 contractuelle ou extra-contractuelle, pour tout dommage direct ou indirect, actuel ou potentiel, sp\u00e9cifique ou g\u00e9n\u00e9rique qui d\u00e9riverait de son utilisation, du manque d\u2019emploi ou des prestations de tout produit, information ou contenu pr\u00e9sents dans le Site (et ceci abstraction faite de la circonstance que Topstar soit au courant ou non de la possibilit\u00e9 que de tels dommages pouvaient se produire). Etant donn\u00e9 que certaines juridictions ne permettent pas l\u2019exclusion ou la limitation de responsabilit\u00e9 pour les dommages directs ou indirects, certaines des limitations cit\u00e9es ci-dessus pourraient ne pas s\u2019appliquer.<\/p>\n<p><strong>GARANTIE <\/strong><br \/>\nEn acc\u00e9dant au Site, vous vous engagez \u00e0 garantir, relever indemne et d\u00e9fendre Topstar, ses soci\u00e9t\u00e9s contr\u00f4l\u00e9es et connect\u00e9es, ses employ\u00e9es, administrateurs et actionnaires contre toute r\u00e9clamation de la part de tiers (y compris les frais d\u2019avocat et de justice raisonnablement d\u00e9pens\u00e9s \u00e0 ces effets) et contre toute r\u00e9clamation avanc\u00e9e par des tiers relativement \u00e0 votre utilisation du Site ou ce qui le concerne.<\/p>\n<p><strong>DROIT D\u2019AUTEUR, MARQUES ET AUTRES DROITS DE PROPRIETE INTELLECTUELLE <\/strong><br \/>\nCe Site, dans son ensemble, et tout le mat\u00e9riel qu\u2019il contient, est prot\u00e9g\u00e9 par le droit d\u2019auteur et par d\u2019autres droits de propri\u00e9t\u00e9 intellectuelle. Vous pouvez donc visualiser, imprimer et copier le contenu de ce Site (dont, \u00e0 titre d\u2019exemple, les textes, les images, les animations, les vid\u00e9os, les logos et les plans) uniquement \u00e0 des fins personnelles de nature non-commerciale. A part dans les cas pr\u00e9vus ci-dessus, il est interdit d\u2019utiliser, modifier, imprimer, montrer, reproduire, distribuer ou publier les informations contenues dans ce Site sans le consentement \u00e9crit de Topstar. Ce Site peut contenir du mat\u00e9riel prot\u00e9g\u00e9 par des droits de propri\u00e9t\u00e9 intellectuelle de tiers. Dans ce cas, les utilisations permises devront \u00eatre v\u00e9rifi\u00e9es avec les titulaires ou possesseurs de droits d\u00e9crits \u00e0 chaque fois dans le Site.<\/p>\n<p><strong>CONTRIBUTIONS <\/strong><br \/>\nToutes les contributions ou mat\u00e9riels transmis \u00e0 Topstar par le site, y compris les questions, les commentaires, les suggestions et similaires concernant le contenu du Site (collectivement, les \u00ab\u00a0Contributions\u00a0\u00bb) seront consid\u00e9r\u00e9s de nature non-confidentielle. En particulier, Topstar n\u2019aura aucune obligation relativement \u00e0 ces Contributions et pourra librement copier, utiliser, employer, r\u00e9v\u00e9ler \u00e0 des tiers, montrer, modifier, cr\u00e9er des oeuvres d\u00e9riv\u00e9es et publier les Contributions sans aucune limitation ou r\u00e9mun\u00e9ration. En plus de ce qui pr\u00e9c\u00e8de, Topstar se r\u00e9serve le droit d\u2019utiliser, sans aucune r\u00e9mun\u00e9ration, les id\u00e9es, concepts, savoir-faire ou techniques contenues dans les Contributions pour n\u2019importe quelle raison, y compris, \u00e0 titre d\u2019exemple, la production et la commercialisation de services qui incorporeraient ces Contributions.<\/p>\n<p><strong>LIENS ET INFORMATIONS DE SITES TIERS<\/strong><br \/>\nCe Site peut contenir des renvois \u00e0 d\u2019autres sites web (\u00ab\u00a0Liens\u00a0\u00bb). Topstar d\u00e9cline toute responsabilit\u00e9 en ce qui concerne le contenu et le mat\u00e9riel accessibles sur ces sites ou dans tous les cas pouvant \u00eatre obtenus par leur interm\u00e9diaire. Tous les liens vers d\u2019autres sites, tout comme tout autre r\u00e9f\u00e9rence \u00e0 des informations provenant de tiers, ne pourront en aucun cas \u00eatre retenus comme une garantie exprim\u00e9e ou implicite de la part de Topstar. Les questions et les commentaires \u00e0 propos de ces sites provenant des liens devront \u00eatre adress\u00e9s uniquement aux administrateurs de ceux-ci. Ce Site peut aussi contenir des informations provenant de tiers, \u00e0 chaque fois bien indiqu\u00e9es, auxquelles vous devrez faire r\u00e9f\u00e9rence exclusive lors de chaque question en ce qui concerne leur exactitude, leur v\u00e9racit\u00e9 et leur caract\u00e8re exhaustif.<\/p>\n<p><strong>SERVICES <\/strong><\/p>\n<p>Les informations que Topstar publie sur World Wide Web pourraient contenir des r\u00e9f\u00e9rences \u00e0 des initiatives et des services de Topstar ou de ses soci\u00e9t\u00e9s d\u00e9pendantes qui pourraient ne pas \u00eatre disponibles ou annonc\u00e9es dans votre pays. Nous vous prions donc de consulter de temps en temps les repr\u00e9sentants locaux de Topstar \u00e0 propos des programmes et des services disponibles dans votre pays.<\/p>\n<p><strong>ESCLUSION DE RESPONSABILITE <\/strong><br \/>\nLe mat\u00e9riel contenu dans ce site peur contenir des informations non exactes et des erreurs typographiques. Topstar d\u00e9cline toute responsabilit\u00e9 pour les pertes caus\u00e9es ou connect\u00e9es \u00e0 la confiance des utilisateurs du Site au niveau des informations contenues dans celui-ci. Il reste par cons\u00e9quent \u00e0 soin et \u00e0 charge de l\u2019utilisateur l\u2019\u00e9valuation ind\u00e9pendante de l\u2019exactitude des informations publi\u00e9es sur ce Site. Topstar se r\u00e9serve le droit de modifier \u00e0 tout moment le Site et son contenu sans obligation de communication pr\u00e9ventive ou successive.<\/p>\n<p><strong>ACCES ET UTILISATION NON AUTORISEES DU SITE <\/strong><br \/>\nLes utilisateurs du Site sont autoris\u00e9s \u00e0 consulter uniquement les documents indiqu\u00e9s dans le menu du m\u00eame. Toute tentative non autoris\u00e9e de d\u00e9passer ou contourner les protections du Site est interdite, tout comme il est interdit d\u2019utiliser les syst\u00e8mes qui font fonctionner ou sont connect\u00e9s au Site pour des usages diff\u00e9rents de ceux pour lesquels ils sont destin\u00e9s, ou d\u2019en entraver la jouissance de la part des utilisateurs autoris\u00e9s, ainsi que d\u2019acc\u00e9der, obtenir, d\u00e9truire, alt\u00e9rer, endommager des informations ici contenues ou bien interf\u00e9rer par l\u2019interm\u00e9diaire de tels syst\u00e8mes. Toute action de ce type sera port\u00e9e sur le champ \u00e0 l\u2019attention des autorit\u00e9s comp\u00e9tentes et poursuivie par la justice civile et p\u00e9nale aux termes des lois et des conventions internationales en vigueur.<\/p>\n","protected":false},"excerpt":{"rendered":"<p>D\u00e9cret l\u00e9gislatif 30 juin 2003, n. 196 &#8211; Code en mati\u00e8re de protection des donn\u00e9es personnelles Art. 7&#8230;.<\/p>\n","protected":false},"author":1,"featured_media":0,"parent":0,"menu_order":0,"comment_status":"closed","ping_status":"open","template":"","meta":{"_acf_changed":false,"footnotes":""},"class_list":["post-1321","page","type-page","status-publish","hentry"],"acf":[],"aioseo_notices":[],"_links":{"self":[{"href":"https:\/\/mytopstar.it\/fr\/wp-json\/wp\/v2\/pages\/1321","targetHints":{"allow":["GET"]}}],"collection":[{"href":"https:\/\/mytopstar.it\/fr\/wp-json\/wp\/v2\/pages"}],"about":[{"href":"https:\/\/mytopstar.it\/fr\/wp-json\/wp\/v2\/types\/page"}],"author":[{"embeddable":true,"href":"https:\/\/mytopstar.it\/fr\/wp-json\/wp\/v2\/users\/1"}],"replies":[{"embeddable":true,"href":"https:\/\/mytopstar.it\/fr\/wp-json\/wp\/v2\/comments?post=1321"}],"version-history":[{"count":1,"href":"https:\/\/mytopstar.it\/fr\/wp-json\/wp\/v2\/pages\/1321\/revisions"}],"predecessor-version":[{"id":1525,"href":"https:\/\/mytopstar.it\/fr\/wp-json\/wp\/v2\/pages\/1321\/revisions\/1525"}],"wp:attachment":[{"href":"https:\/\/mytopstar.it\/fr\/wp-json\/wp\/v2\/media?parent=1321"}],"curies":[{"name":"wp","href":"https:\/\/api.w.org\/{rel}","templated":true}]}}