{"id":1318,"date":"2021-04-29T12:03:45","date_gmt":"2021-04-29T10:03:45","guid":{"rendered":"https:\/\/mytopstar.it\/chi-siamo\/"},"modified":"2021-09-16T08:43:24","modified_gmt":"2021-09-16T06:43:24","slug":"entreprise","status":"publish","type":"page","link":"https:\/\/mytopstar.it\/fr\/entreprise\/","title":{"rendered":"Entreprise"},"content":{"rendered":"<div class=\"uk-grid-small\">\n<div class=\"uk-width-1-3@m\">\n<h3>UNE ENTREPRISE<br \/>\nEN E\u0301VOLUTION<br \/>\nCONTINUE<\/h3>\n<\/div>\n<div class=\"uk-width-2-3@m\">Topstar est une entreprise industrielle solide active depuis plus de trente ans dans la production de plans de travail et de composants en plastique et m\u00e9lamin\u00e9 stratifi\u00e9 pour l\u2019industrie du meuble.<br \/>\nLa solidit\u00e9 de l\u2019entreprise ancr\u00e9e dans le quartier industriel de la r\u00e9gion des Marches coexiste et soutient une impulsion \u00e9volutive indomptable: la synergie de ces deux \u00e2mes guide l\u2019entreprise dans chaque d\u00e9fi, productif et commercial, en l\u2019orientant toujours vers la recherche de la plus haute performance possible.<\/div>\n<\/div>\n","protected":false},"excerpt":{"rendered":"<p>UNE ENTREPRISE EN E\u0301VOLUTION CONTINUE Topstar est une entreprise industrielle solide active depuis plus de trente ans dans&#8230;<\/p>\n","protected":false},"author":1,"featured_media":102,"parent":0,"menu_order":0,"comment_status":"closed","ping_status":"closed","template":"page-chisiamo.php","meta":{"_acf_changed":false,"footnotes":""},"class_list":["post-1318","page","type-page","status-publish","has-post-thumbnail","hentry"],"acf":[],"aioseo_notices":[],"_links":{"self":[{"href":"https:\/\/mytopstar.it\/fr\/wp-json\/wp\/v2\/pages\/1318","targetHints":{"allow":["GET"]}}],"collection":[{"href":"https:\/\/mytopstar.it\/fr\/wp-json\/wp\/v2\/pages"}],"about":[{"href":"https:\/\/mytopstar.it\/fr\/wp-json\/wp\/v2\/types\/page"}],"author":[{"embeddable":true,"href":"https:\/\/mytopstar.it\/fr\/wp-json\/wp\/v2\/users\/1"}],"replies":[{"embeddable":true,"href":"https:\/\/mytopstar.it\/fr\/wp-json\/wp\/v2\/comments?post=1318"}],"version-history":[{"count":15,"href":"https:\/\/mytopstar.it\/fr\/wp-json\/wp\/v2\/pages\/1318\/revisions"}],"predecessor-version":[{"id":1975,"href":"https:\/\/mytopstar.it\/fr\/wp-json\/wp\/v2\/pages\/1318\/revisions\/1975"}],"wp:featuredmedia":[{"embeddable":true,"href":"https:\/\/mytopstar.it\/fr\/wp-json\/wp\/v2\/media\/102"}],"wp:attachment":[{"href":"https:\/\/mytopstar.it\/fr\/wp-json\/wp\/v2\/media?parent=1318"}],"curies":[{"name":"wp","href":"https:\/\/api.w.org\/{rel}","templated":true}]}}