{"id":1315,"date":"2021-04-29T12:04:07","date_gmt":"2021-04-29T10:04:07","guid":{"rendered":"https:\/\/mytopstar.it\/trova-un-rappresentante\/"},"modified":"2021-05-18T11:48:07","modified_gmt":"2021-05-18T09:48:07","slug":"trouver-un-representant","status":"publish","type":"page","link":"https:\/\/mytopstar.it\/fr\/trouver-un-representant\/","title":{"rendered":"Trouver un repr\u00e9sentant"},"content":{"rendered":"<p>Notre r\u00e9seau d&rsquo;agents et nos collaborations avec de grandes entreprises rendent le r\u00e9seau commercial pr\u00e9sent \u00e0 la fois en Italie et dans une grande partie de l&rsquo;Europe.<\/p>\n","protected":false},"excerpt":{"rendered":"<p>Notre r\u00e9seau d&rsquo;agents et nos collaborations avec de grandes entreprises rendent le r\u00e9seau commercial pr\u00e9sent \u00e0 la fois&#8230;<\/p>\n","protected":false},"author":1,"featured_media":1870,"parent":0,"menu_order":0,"comment_status":"closed","ping_status":"closed","template":"page-trovaunrappresentante.php","meta":{"_acf_changed":false,"footnotes":""},"class_list":["post-1315","page","type-page","status-publish","has-post-thumbnail","hentry"],"acf":[],"aioseo_notices":[],"_links":{"self":[{"href":"https:\/\/mytopstar.it\/fr\/wp-json\/wp\/v2\/pages\/1315","targetHints":{"allow":["GET"]}}],"collection":[{"href":"https:\/\/mytopstar.it\/fr\/wp-json\/wp\/v2\/pages"}],"about":[{"href":"https:\/\/mytopstar.it\/fr\/wp-json\/wp\/v2\/types\/page"}],"author":[{"embeddable":true,"href":"https:\/\/mytopstar.it\/fr\/wp-json\/wp\/v2\/users\/1"}],"replies":[{"embeddable":true,"href":"https:\/\/mytopstar.it\/fr\/wp-json\/wp\/v2\/comments?post=1315"}],"version-history":[{"count":1,"href":"https:\/\/mytopstar.it\/fr\/wp-json\/wp\/v2\/pages\/1315\/revisions"}],"predecessor-version":[{"id":1394,"href":"https:\/\/mytopstar.it\/fr\/wp-json\/wp\/v2\/pages\/1315\/revisions\/1394"}],"wp:featuredmedia":[{"embeddable":true,"href":"https:\/\/mytopstar.it\/fr\/wp-json\/wp\/v2\/media\/1870"}],"wp:attachment":[{"href":"https:\/\/mytopstar.it\/fr\/wp-json\/wp\/v2\/media?parent=1315"}],"curies":[{"name":"wp","href":"https:\/\/api.w.org\/{rel}","templated":true}]}}