{"id":1311,"date":"2021-04-29T12:04:15","date_gmt":"2021-04-29T10:04:15","guid":{"rendered":"https:\/\/mytopstar.it\/certificati\/"},"modified":"2025-11-26T08:49:51","modified_gmt":"2025-11-26T07:49:51","slug":"certifications","status":"publish","type":"page","link":"https:\/\/mytopstar.it\/fr\/certifications\/","title":{"rendered":"Certifications"},"content":{"rendered":"<p>Chez Topstar la qualit\u00e9 est mise au premier plan, en portant une attention maximale aux besoins des clients et des personnes int\u00e9ress\u00e9es, comme l\u2019atteste la Certification ISO 9001 concernant le syst\u00e8me de gestion de qualit\u00e9, obtenue d\u00e8s 1997. Topstar est constamment orient\u00e9e vers une v\u00e9ritable am\u00e9lioration et optimisation des processus d\u2019activit\u00e9 et, pour r\u00e9pondre aux d\u00e9fis du march\u00e9, l\u2019entreprise met en place un mod\u00e8le soign\u00e9, rationnel et harmonieux, synonyme de responsabilit\u00e9 et de comp\u00e9tence.<br \/>\nL\u2019entreprise affiche \u00e9galement un engagement concret en ce qui concerne les mat\u00e9riaux utilis\u00e9s, afin de s\u2019assurer que les produits forestiers ne proviennent pas de sources ill\u00e9gales, et pose une attention particuli\u00e8re au niveau de la r\u00e9duction de l\u2019impact environnemental \u00e0 travers la promotion de comportements s\u00fbrs \u00e0 tous les niveaux. En 2012, Topstar a obtenu la certification de la Cha\u00eene de Tra\u00e7abilit\u00e9, conform\u00e9ment aux Standards PEFC (Code de Licence PEFC\/18-31-470) et FSC\u00ae (Code de Licence FSC-C113903).<br \/>\nLa certification FSC\u00ae COC est un syst\u00e8me qui permet d\u2019assurer la tra\u00e7abilit\u00e9 du mat\u00e9riau, afin de savoir s\u2019il provient directement d\u2019une for\u00eat ou s\u2019il a \u00e9t\u00e9 recycl\u00e9, depuis son origine jusqu\u2019au produit fini, garantissant ainsi \u00e0 tous les \u00e9gards que le produit provient soit d\u2019une for\u00eat soit d\u2019un syst\u00e8me de recyclage contr\u00f4l\u00e9. FSC\u00ae certifie des produits disponibles sur demande.<br \/>\nLa certification PEFC COC garantit que le produit vendu provient de for\u00eats g\u00e9r\u00e9es de fa\u00e7on durable, tant pour les mat\u00e9riaux provenant directement de cellesci que pour ceux ayant \u00e9t\u00e9 recycl\u00e9s : elle peut concerner le bois, mais aussi les autres produits de la for\u00eat.<\/p>\n","protected":false},"excerpt":{"rendered":"<p>Chez Topstar la qualit\u00e9 est mise au premier plan, en portant une attention maximale aux besoins des clients&#8230;<\/p>\n","protected":false},"author":1,"featured_media":102,"parent":0,"menu_order":0,"comment_status":"closed","ping_status":"closed","template":"page-certificati.php","meta":{"_acf_changed":false,"footnotes":""},"class_list":["post-1311","page","type-page","status-publish","has-post-thumbnail","hentry"],"acf":[],"aioseo_notices":[],"_links":{"self":[{"href":"https:\/\/mytopstar.it\/fr\/wp-json\/wp\/v2\/pages\/1311","targetHints":{"allow":["GET"]}}],"collection":[{"href":"https:\/\/mytopstar.it\/fr\/wp-json\/wp\/v2\/pages"}],"about":[{"href":"https:\/\/mytopstar.it\/fr\/wp-json\/wp\/v2\/types\/page"}],"author":[{"embeddable":true,"href":"https:\/\/mytopstar.it\/fr\/wp-json\/wp\/v2\/users\/1"}],"replies":[{"embeddable":true,"href":"https:\/\/mytopstar.it\/fr\/wp-json\/wp\/v2\/comments?post=1311"}],"version-history":[{"count":17,"href":"https:\/\/mytopstar.it\/fr\/wp-json\/wp\/v2\/pages\/1311\/revisions"}],"predecessor-version":[{"id":4599,"href":"https:\/\/mytopstar.it\/fr\/wp-json\/wp\/v2\/pages\/1311\/revisions\/4599"}],"wp:featuredmedia":[{"embeddable":true,"href":"https:\/\/mytopstar.it\/fr\/wp-json\/wp\/v2\/media\/102"}],"wp:attachment":[{"href":"https:\/\/mytopstar.it\/fr\/wp-json\/wp\/v2\/media?parent=1311"}],"curies":[{"name":"wp","href":"https:\/\/api.w.org\/{rel}","templated":true}]}}