{"id":4631,"date":"2026-04-13T16:03:52","date_gmt":"2026-04-13T14:03:52","guid":{"rendered":"https:\/\/mytopstar.it\/?page_id=4631"},"modified":"2026-04-16T10:19:46","modified_gmt":"2026-04-16T08:19:46","slug":"belgica","status":"publish","type":"page","link":"https:\/\/mytopstar.it\/es\/encuentra-un-delegado-comercial\/belgica\/","title":{"rendered":"B\u00e9lgica"},"content":{"rendered":"<p>Haga clic en el \u00e1rea de inter\u00e9s para mostrar el tel\u00e9fono y la direcci\u00f3n de correo electr\u00f3nico del representante.<br \/>\n<strong>Responsable de ventas:<\/strong> Julien Ruggiero +39 335 592 3603 <a href=\"mailto:j.ruggiero@topstarpostforming.com\">j.ruggiero@topstarpostforming.com<\/a><\/p>\n","protected":false},"excerpt":{"rendered":"<p>Haga clic en el \u00e1rea de inter\u00e9s para mostrar el tel\u00e9fono y la direcci\u00f3n de correo electr\u00f3nico del&#8230;<\/p>\n","protected":false},"author":1,"featured_media":0,"parent":1316,"menu_order":0,"comment_status":"closed","ping_status":"closed","template":"page-mappa-belgio.php","meta":{"_acf_changed":false,"footnotes":""},"class_list":["post-4631","page","type-page","status-publish","hentry"],"acf":[],"aioseo_notices":[],"_links":{"self":[{"href":"https:\/\/mytopstar.it\/es\/wp-json\/wp\/v2\/pages\/4631","targetHints":{"allow":["GET"]}}],"collection":[{"href":"https:\/\/mytopstar.it\/es\/wp-json\/wp\/v2\/pages"}],"about":[{"href":"https:\/\/mytopstar.it\/es\/wp-json\/wp\/v2\/types\/page"}],"author":[{"embeddable":true,"href":"https:\/\/mytopstar.it\/es\/wp-json\/wp\/v2\/users\/1"}],"replies":[{"embeddable":true,"href":"https:\/\/mytopstar.it\/es\/wp-json\/wp\/v2\/comments?post=4631"}],"version-history":[{"count":3,"href":"https:\/\/mytopstar.it\/es\/wp-json\/wp\/v2\/pages\/4631\/revisions"}],"predecessor-version":[{"id":4648,"href":"https:\/\/mytopstar.it\/es\/wp-json\/wp\/v2\/pages\/4631\/revisions\/4648"}],"up":[{"embeddable":true,"href":"https:\/\/mytopstar.it\/es\/wp-json\/wp\/v2\/pages\/1316"}],"wp:attachment":[{"href":"https:\/\/mytopstar.it\/es\/wp-json\/wp\/v2\/media?parent=4631"}],"curies":[{"name":"wp","href":"https:\/\/api.w.org\/{rel}","templated":true}]}}