{"id":2198,"date":"2023-01-26T15:45:57","date_gmt":"2023-01-26T14:45:57","guid":{"rendered":"https:\/\/mytopstar.it\/?page_id=2198"},"modified":"2026-04-22T11:00:49","modified_gmt":"2026-04-22T09:00:49","slug":"francia","status":"publish","type":"page","link":"https:\/\/mytopstar.it\/es\/encuentra-un-delegado-comercial\/francia\/","title":{"rendered":"Francia"},"content":{"rendered":"<p>Haga clic en el \u00e1rea de inter\u00e9s para ver el tel\u00e9fono y la direcci\u00f3n de correo electr\u00f3nico del representante.<br \/>\n<strong>Responsable de ventas:<\/strong> Julien Ruggiero +39 335 592 3603 <a href=\"mailto:j.ruggiero@topstarpostforming.com\">j.ruggiero@topstarpostforming.com<\/a><\/p>\n","protected":false},"excerpt":{"rendered":"<p>Haga clic en el \u00e1rea de inter\u00e9s para ver el tel\u00e9fono y la direcci\u00f3n de correo electr\u00f3nico del&#8230;<\/p>\n","protected":false},"author":1,"featured_media":0,"parent":1316,"menu_order":0,"comment_status":"closed","ping_status":"closed","template":"page-mappa-francia-nuova.php","meta":{"_acf_changed":false,"footnotes":""},"class_list":["post-2198","page","type-page","status-publish","hentry"],"acf":[],"aioseo_notices":[],"_links":{"self":[{"href":"https:\/\/mytopstar.it\/es\/wp-json\/wp\/v2\/pages\/2198","targetHints":{"allow":["GET"]}}],"collection":[{"href":"https:\/\/mytopstar.it\/es\/wp-json\/wp\/v2\/pages"}],"about":[{"href":"https:\/\/mytopstar.it\/es\/wp-json\/wp\/v2\/types\/page"}],"author":[{"embeddable":true,"href":"https:\/\/mytopstar.it\/es\/wp-json\/wp\/v2\/users\/1"}],"replies":[{"embeddable":true,"href":"https:\/\/mytopstar.it\/es\/wp-json\/wp\/v2\/comments?post=2198"}],"version-history":[{"count":15,"href":"https:\/\/mytopstar.it\/es\/wp-json\/wp\/v2\/pages\/2198\/revisions"}],"predecessor-version":[{"id":4653,"href":"https:\/\/mytopstar.it\/es\/wp-json\/wp\/v2\/pages\/2198\/revisions\/4653"}],"up":[{"embeddable":true,"href":"https:\/\/mytopstar.it\/es\/wp-json\/wp\/v2\/pages\/1316"}],"wp:attachment":[{"href":"https:\/\/mytopstar.it\/es\/wp-json\/wp\/v2\/media?parent=2198"}],"curies":[{"name":"wp","href":"https:\/\/api.w.org\/{rel}","templated":true}]}}