{"id":1728,"date":"2021-06-16T14:42:00","date_gmt":"2021-06-16T12:42:00","guid":{"rendered":"https:\/\/mytopstar.it\/encuentra-un-delegado-comercial\/portogallo\/"},"modified":"2021-09-06T10:17:54","modified_gmt":"2021-09-06T08:17:54","slug":"portugal","status":"publish","type":"page","link":"https:\/\/mytopstar.it\/es\/encuentra-un-delegado-comercial\/portugal\/","title":{"rendered":"Portugal"},"content":{"rendered":"<p>Haga clic en el \u00e1rea de inter\u00e9s para mostrar el tel\u00e9fono y la direcci\u00f3n de correo electr\u00f3nico del representante.<\/p>\n","protected":false},"excerpt":{"rendered":"<p>Haga clic en el \u00e1rea de inter\u00e9s para mostrar el tel\u00e9fono y la direcci\u00f3n de correo electr\u00f3nico del&#8230;<\/p>\n","protected":false},"author":1,"featured_media":0,"parent":1316,"menu_order":0,"comment_status":"closed","ping_status":"closed","template":"page-mappa-portogallo.php","meta":{"_acf_changed":false,"footnotes":""},"class_list":["post-1728","page","type-page","status-publish","hentry"],"acf":[],"aioseo_notices":[],"_links":{"self":[{"href":"https:\/\/mytopstar.it\/es\/wp-json\/wp\/v2\/pages\/1728","targetHints":{"allow":["GET"]}}],"collection":[{"href":"https:\/\/mytopstar.it\/es\/wp-json\/wp\/v2\/pages"}],"about":[{"href":"https:\/\/mytopstar.it\/es\/wp-json\/wp\/v2\/types\/page"}],"author":[{"embeddable":true,"href":"https:\/\/mytopstar.it\/es\/wp-json\/wp\/v2\/users\/1"}],"replies":[{"embeddable":true,"href":"https:\/\/mytopstar.it\/es\/wp-json\/wp\/v2\/comments?post=1728"}],"version-history":[{"count":3,"href":"https:\/\/mytopstar.it\/es\/wp-json\/wp\/v2\/pages\/1728\/revisions"}],"predecessor-version":[{"id":1923,"href":"https:\/\/mytopstar.it\/es\/wp-json\/wp\/v2\/pages\/1728\/revisions\/1923"}],"up":[{"embeddable":true,"href":"https:\/\/mytopstar.it\/es\/wp-json\/wp\/v2\/pages\/1316"}],"wp:attachment":[{"href":"https:\/\/mytopstar.it\/es\/wp-json\/wp\/v2\/media?parent=1728"}],"curies":[{"name":"wp","href":"https:\/\/api.w.org\/{rel}","templated":true}]}}