{"id":1312,"date":"2021-04-29T12:04:15","date_gmt":"2021-04-29T10:04:15","guid":{"rendered":"https:\/\/mytopstar.it\/certificati\/"},"modified":"2025-11-26T08:50:36","modified_gmt":"2025-11-26T07:50:36","slug":"certificados","status":"publish","type":"page","link":"https:\/\/mytopstar.it\/es\/certificados\/","title":{"rendered":"Certificados"},"content":{"rendered":"<p>En Topstar la calidad es lo primero, prestando la m\u00e1xima atenci\u00f3n a las necesidades de los clientes y de todas las partes interesadas, como atestigua la certificaci\u00f3n ISO 9001 de su sistema de gesti\u00f3n de la calidad, obtenida desde 1997. Topstar est\u00e1 siempre orientada a la mejora real y a la optimizaci\u00f3n del proceso empresarial, proporcionando un modelo preciso, racional y armonioso, sin\u00f3nimo de fiabilidad y capacidad de respuesta a los retos del mercado. La empresa tambi\u00e9n se ha comprometido de forma tangible a utilizar materiales forestales que no procedan de fuentes ilegales y a promover un comportamiento seguro a todos los niveles, haciendo hincapi\u00e9 en la reducci\u00f3n del impacto medioambiental. En 2012, Topstar obtuvo la certificaci\u00f3n de la Cadena de Custodia, de acuerdo con las normas PEFC (C\u00f3digo de licencia PEFC\/18-31-470) y FSC\u00ae (C\u00f3digo de licencia FSC-C113903). La certificaci\u00f3n FSC\u00ae COC es un sistema que permite rastrear el material, tanto si procede directamente del bosque como si es reciclado, desde el origen hasta el producto acabado, ofreciendo as\u00ed la garant\u00eda de que el producto procede en todos sus aspectos de un bosque certificado o de un sistema de reciclaje controlado. Productos con certificaci\u00f3n FSC\u00ae disponibles bajo pedido. La certificaci\u00f3n PEFC COC garantiza que los productos vendidos proceden de bosques gestionados de forma sostenible, tanto para el material procedente directamente de ellos como para el material reciclado: puede certificar la madera, pero tambi\u00e9n los productos forestales no madereros.<\/p>\n","protected":false},"excerpt":{"rendered":"<p>En Topstar la calidad es lo primero, prestando la m\u00e1xima atenci\u00f3n a las necesidades de los clientes y&#8230;<\/p>\n","protected":false},"author":1,"featured_media":1313,"parent":0,"menu_order":0,"comment_status":"closed","ping_status":"closed","template":"page-certificati.php","meta":{"_acf_changed":false,"footnotes":""},"class_list":["post-1312","page","type-page","status-publish","has-post-thumbnail","hentry"],"acf":[],"aioseo_notices":[],"_links":{"self":[{"href":"https:\/\/mytopstar.it\/es\/wp-json\/wp\/v2\/pages\/1312","targetHints":{"allow":["GET"]}}],"collection":[{"href":"https:\/\/mytopstar.it\/es\/wp-json\/wp\/v2\/pages"}],"about":[{"href":"https:\/\/mytopstar.it\/es\/wp-json\/wp\/v2\/types\/page"}],"author":[{"embeddable":true,"href":"https:\/\/mytopstar.it\/es\/wp-json\/wp\/v2\/users\/1"}],"replies":[{"embeddable":true,"href":"https:\/\/mytopstar.it\/es\/wp-json\/wp\/v2\/comments?post=1312"}],"version-history":[{"count":17,"href":"https:\/\/mytopstar.it\/es\/wp-json\/wp\/v2\/pages\/1312\/revisions"}],"predecessor-version":[{"id":4601,"href":"https:\/\/mytopstar.it\/es\/wp-json\/wp\/v2\/pages\/1312\/revisions\/4601"}],"wp:featuredmedia":[{"embeddable":true,"href":"https:\/\/mytopstar.it\/es\/wp-json\/wp\/v2\/media\/1313"}],"wp:attachment":[{"href":"https:\/\/mytopstar.it\/es\/wp-json\/wp\/v2\/media?parent=1312"}],"curies":[{"name":"wp","href":"https:\/\/api.w.org\/{rel}","templated":true}]}}